{"id":207,"date":"2019-11-27T22:19:10","date_gmt":"2019-11-27T22:19:10","guid":{"rendered":"\/cmqnuevo2020\/?page_id=207"},"modified":"2020-02-07T19:28:02","modified_gmt":"2020-02-07T19:28:02","slug":"eeo-oferta","status":"publish","type":"page","link":"\/cmqnuevo2020\/eeo-oferta\/","title":{"rendered":"EEO oferta"},"content":{"rendered":"<p>[et_pb_section fb_built=\u00bb1&#8243; _builder_version=\u00bb3.22&#8243; fb_built=\u00bb1&#8243; _i=\u00bb0&#8243; _address=\u00bb0&#8243;][et_pb_row _builder_version=\u00bb3.25&#8243; background_size=\u00bbinitial\u00bb background_position=\u00bbtop_left\u00bb background_repeat=\u00bbrepeat\u00bb _i=\u00bb0&#8243; _address=\u00bb0.0&#8243;][et_pb_column type=\u00bb4_4&#8243; _builder_version=\u00bb3.25&#8243; custom_padding=\u00bb|||\u00bb _i=\u00bb0&#8243; _address=\u00bb0.0.0&#8243; custom_padding__hover=\u00bb|||\u00bb][et_pb_text _builder_version=\u00bb3.27.4&#8243; hover_enabled=\u00bb0&#8243; _i=\u00bb0&#8243; _address=\u00bb0.0.0.0&#8243;]<\/p>\n<p style=\"text-align: center; color: #cccccc;\"><strong><span style=\"color: #01438f; font-size: 18px;\">Oferta Educativa<\/span> <a href=\"http:\/\/www.cmqcelaya.com\/cmqnuevo2020\/eeo-contacto\/ \">Contacto<\/a> <a href=\"http:\/\/www.cmqcelaya.com\/cmqnuevo2020\/eeo-ubicacion\/ \">C\u00f3mo llego<\/a><\/strong><\/p>\n<p>[\/et_pb_text][\/et_pb_column][\/et_pb_row][\/et_pb_section][et_pb_section fb_built=\u00bb1&#8243; admin_label=\u00bbsection\u00bb _builder_version=\u00bb3.22&#8243; background_color=\u00bbrgba(12,113,195,0.3)\u00bb background_image=\u00bb\/cmqnuevo2020\/wp-content\/uploads\/2019\/11\/student-849822_1920-1.jpg\u00bb custom_padding=\u00bb120px||230px|\u00bb custom_css_before=\u00bbbackground-color: rgba(12,113,195,0.3);\u00bb custom_css_main_element=\u00bb-webkit-clip-path: polygon(15% 92%, 0 88%, 0 0, 100% 0, 100% 89%, 84% 93%, 67% 95%, 46% 96%, 30% 95%);||clip-path: polygon(15% 92%, 0 88%, 0 0, 100% 0, 100% 89%, 84% 93%, 67% 95%, 46% 96%, 30% 95%);\u00bb transparent_background=\u00bboff\u00bb fb_built=\u00bb1&#8243; _i=\u00bb1&#8243; _address=\u00bb1&#8243;][et_pb_row admin_label=\u00bbrow\u00bb module_class=\u00bb et_pb_row_fullwidth\u00bb _builder_version=\u00bb3.25&#8243; background_size=\u00bbinitial\u00bb background_position=\u00bbtop_left\u00bb background_repeat=\u00bbrepeat\u00bb width=\u00bb89%\u00bb width_tablet=\u00bb80%\u00bb width_last_edited=\u00bbon|desktop\u00bb max_width=\u00bb89%\u00bb max_width_tablet=\u00bb80%\u00bb max_width_last_edited=\u00bbon|desktop\u00bb make_fullwidth=\u00bbon\u00bb _i=\u00bb0&#8243; _address=\u00bb1.0&#8243;][et_pb_column type=\u00bb4_4&#8243; _builder_version=\u00bb3.25&#8243; custom_padding=\u00bb|||\u00bb _i=\u00bb0&#8243; _address=\u00bb1.0.0&#8243; custom_padding__hover=\u00bb|||\u00bb][et_pb_text admin_label=\u00bbText\u00bb module_class=\u00bbTextInHeader\u00bb _builder_version=\u00bb3.27.4&#8243; text_font=\u00bbMontserrat|on|||\u00bb text_text_color=\u00bb#ffffff\u00bb text_font_size=\u00bb40&#8243; text_line_height=\u00bb1.2em\u00bb text_text_shadow_style=\u00bbpreset1&#8243; header_text_color=\u00bb#000000&#8243; header_font_size=\u00bb33px\u00bb header_line_height=\u00bb2.4em\u00bb background_size=\u00bbinitial\u00bb background_position=\u00bbtop_left\u00bb background_repeat=\u00bbrepeat\u00bb text_orientation=\u00bbcenter\u00bb module_alignment=\u00bbcenter\u00bb custom_margin=\u00bb10%||20px|\u00bb text_font_size_tablet=\u00bb50px\u00bb text_font_size_phone=\u00bb35px\u00bb text_font_size_last_edited=\u00bboff|phone\u00bb use_border_color=\u00bboff\u00bb border_color=\u00bb#ffffff\u00bb border_style=\u00bbsolid\u00bb inline_fonts=\u00bbAbel,Cardo,Merriweather,Noticia Text,Passion One\u00bb _i=\u00bb0&#8243; _address=\u00bb1.0.0.0&#8243;]<img loading=\"lazy\" class=\"wp-image-214492 aligncenter size-medium\" src=\"\/cmqnuevo2020\/wp-content\/uploads\/2019\/11\/Logo-EEO-300x260.jpg\" alt=\"\" width=\"300\" height=\"260\" \/><\/p>\n<p>Escuela de Enfermer\u00eda y Obstetricia del Centro M\u00e9dico Quir\u00fargico[\/et_pb_text][\/et_pb_column][\/et_pb_row][\/et_pb_section][et_pb_section fb_built=\u00bb1&#8243; _builder_version=\u00bb3.22&#8243; fb_built=\u00bb1&#8243; _i=\u00bb2&#8243; _address=\u00bb2&#8243;][et_pb_row column_structure=\u00bb1_2,1_2&#8243; _builder_version=\u00bb3.25&#8243; _i=\u00bb0&#8243; _address=\u00bb2.0&#8243;][et_pb_column type=\u00bb1_2&#8243; _builder_version=\u00bb3.25&#8243; custom_padding=\u00bb|||\u00bb _i=\u00bb0&#8243; _address=\u00bb2.0.0&#8243; custom_padding__hover=\u00bb|||\u00bb][et_pb_text _builder_version=\u00bb3.27.4&#8243; _i=\u00bb0&#8243; _address=\u00bb2.0.0.0&#8243;]<\/p>\n<h4><b><span style=\"color: #0000ff;\">BACHILLERATO TECNICO EN ENFERMERIA EN GENERAL<\/span> <\/b><\/h4>\n<p>Formar Enfermeros que contribuyan a elevar la calidad de vida de la poblaci\u00f3n, a trav\u00e9s de acciones de fomento a la salud, prevenci\u00f3n de enfermedades, recuperaci\u00f3n de la salud y rehabilitaci\u00f3n; Participando en la soluci\u00f3n de problemas en los diferentes \u00e1mbitos de su ejercicio Profesional.<\/p>\n<p><span style=\"color: #3366ff;\"><b> Requisito<\/b>:<\/span> Secundaria Terminada<\/p>\n<p><span style=\"color: #3366ff;\"><b> Modalidad<\/b>:<\/span> Escolarizada<\/p>\n<p><span style=\"color: #3366ff;\"><b> Plan<\/b>:<\/span> Semestral<\/p>\n<p><span style=\"color: #3366ff;\"><b> Duraci\u00f3n<\/b>:<\/span> 3 A\u00f1os (6 Semestres)<\/p>\n<p><span style=\"color: #3366ff;\"><b> Practicas Cl\u00ednicas<\/b>:\u00a0<\/span> Se inician\u00a0 a partir del Segundo Semestre; el ciclo escolar se divide en 5 meses de Clases y 1 mes de Pr\u00e1ctica.<\/p>\n<p>Contamos con convenios\u00a0 en las Instituci\u00f3n de Salud Publica para el desarrollo de Practicas Cl\u00ednicas y Servicio Social<\/p>\n<p><span style=\"color: #3366ff;\"><b> Titulaci\u00f3n<\/b>:<\/span> Concluir los Cr\u00e9ditos + 1 A\u00f1o de Servicio Social+ Una de las Opciones de Titulaci\u00f3n.<b>\u00a0<\/b><\/p>\n<p><span style=\"color: #3366ff;\"><b> DOCUMENTACI\u00d3N PARA INSCRIPCI\u00d3N<\/b><\/span><\/p>\n<ul>\n<li>Acta de Nacimiento *<\/li>\n<li>Certificado de Secundaria o<\/li>\n<\/ul>\n<p>Constancia de Haber Concluido *<\/p>\n<ul>\n<li>Carta de Conducta *<\/li>\n<li>2 Copias CURP<\/li>\n<\/ul>\n<p style=\"font-size: 12px\">(*) Original y Dos Copias<\/h6>\n<p>[\/et_pb_text][\/et_pb_column][et_pb_column type=\u00bb1_2&#8243; _builder_version=\u00bb3.25&#8243; custom_padding=\u00bb|||\u00bb _i=\u00bb1&#8243; _address=\u00bb2.0.1&#8243; custom_padding__hover=\u00bb|||\u00bb][et_pb_text _builder_version=\u00bb3.27.4&#8243; _i=\u00bb0&#8243; _address=\u00bb2.0.1.0&#8243;]<\/p>\n<h4><span style=\"color: #0000ff;\"><b>LICENCIATURA EN CIENCIAS Y HABILIDADES DE ENFERMERIA<\/b><\/span><\/h4>\n<p>Se busca formar a Licenciados en Enfermer\u00eda que tengan los valores, los conocimientos y habilidades necesarias para poder realizarse plenamente dentro del marco actual y evolutivo en la Enfermer\u00eda. Con una visi\u00f3n integral y as\u00ed detectar, prevenir y dar soluci\u00f3n a los problemas en el \u00e1rea de salud.<\/p>\n<p><span style=\"color: #3366ff;\"><b> Requisito<\/b>:<\/span> Bachillerato Terminado<\/p>\n<p><span style=\"color: #3366ff;\"><b> Modalidad<\/b>:<\/span> Escolarizada<\/p>\n<p><span style=\"color: #3366ff;\"><b> Plan<\/b>:<\/span> Semestral<\/p>\n<p><span style=\"color: #3366ff;\"><b> Duraci\u00f3n<\/b>:<\/span> 4 A\u00f1os (8 Semestres)<\/p>\n<p><span style=\"color: #3366ff;\"><b> Practicas Cl\u00ednicas<\/b>:\u00a0<\/span> Se inician\u00a0 a partir del Segundo Semestre; el ciclo escolar se divide en 5 meses de Clases y 1 mes de Pr\u00e1ctica.<\/p>\n<p>Contamos con convenios\u00a0 en las Instituci\u00f3n de Salud Publica para el desarrollo de Practicas Cl\u00ednicas y Servicio Social<\/p>\n<p><span style=\"color: #3366ff;\"><b> Titulaci\u00f3n<\/b>:<\/span> Concluir los Cr\u00e9ditos + 1 A\u00f1o de Servicio Social+ Una de las Opciones de Titulaci\u00f3n.<\/p>\n<p><span style=\"color: #3366ff;\"><b> DOCUMENTACI\u00d3N PARA INSCRIPCI\u00d3N<\/b><\/span><\/p>\n<ul>\n<li>Acta de Nacimiento*<\/li>\n<li>Certificado de Bachillerato o\u00a0 Constancia de haber Concluido*<\/li>\n<li>Carta de Conducta *<\/li>\n<li>2 Copias CURP<\/li>\n<\/ul>\n<p style=\"font-size: 12px;\">(*) Original y Dos Copias<\/p>\n<p>[\/et_pb_text][\/et_pb_column][\/et_pb_row][\/et_pb_section][et_pb_section fb_built=\u00bb1&#8243; admin_label=\u00bbSection\u00bb _builder_version=\u00bb3.22&#8243; background_color=\u00bbrgba(12,113,195,0.06)\u00bb background_image=\u00bb\/cmqnuevo2020\/wp-content\/uploads\/2019\/11\/books-690219_1920.jpg\u00bb custom_css_main_element=\u00bb-webkit-clip-path: polygon(55% 9%, 71% 8%, 86% 5%, 100% 0, 100% 100%, 0 100%, 0 0, 13% 4%, 25% 7%, 39% 9%);||clip-path: polygon(55% 9%, 71% 8%, 86% 5%, 100% 0, 100% 100%, 0 100%, 0 0, 13% 4%, 25% 7%, 39% 9%);\u00bb transparent_background=\u00bboff\u00bb fb_built=\u00bb1&#8243; _i=\u00bb3&#8243; _address=\u00bb3&#8243;][\/et_pb_section]<\/p>\n","protected":false},"excerpt":{"rendered":"<p>[et_pb_section fb_built=\u00bb1&#8243; _builder_version=\u00bb3.22&#8243; fb_built=\u00bb1&#8243; _i=\u00bb0&#8243; _address=\u00bb0&#8243;][et_pb_row _builder_version=\u00bb3.25&#8243; background_size=\u00bbinitial\u00bb background_position=\u00bbtop_left\u00bb background_repeat=\u00bbrepeat\u00bb _i=\u00bb0&#8243; _address=\u00bb0.0&#8243;][et_pb_column type=\u00bb4_4&#8243; _builder_version=\u00bb3.25&#8243; custom_padding=\u00bb|||\u00bb _i=\u00bb0&#8243; _address=\u00bb0.0.0&#8243; custom_padding__hover=\u00bb|||\u00bb][et_pb_text _builder_version=\u00bb3.27.4&#8243; hover_enabled=\u00bb0&#8243; _i=\u00bb0&#8243; _address=\u00bb0.0.0.0&#8243;] Oferta Educativa Contacto C\u00f3mo llego [\/et_pb_text][\/et_pb_column][\/et_pb_row][\/et_pb_section][et_pb_section fb_built=\u00bb1&#8243; admin_label=\u00bbsection\u00bb _builder_version=\u00bb3.22&#8243; background_color=\u00bbrgba(12,113,195,0.3)\u00bb background_image=\u00bb\/cmqnuevo2020\/wp-content\/uploads\/2019\/11\/student-849822_1920-1.jpg\u00bb custom_padding=\u00bb120px||230px|\u00bb custom_css_before=\u00bbbackground-color: rgba(12,113,195,0.3);\u00bb custom_css_main_element=\u00bb-webkit-clip-path: polygon(15% 92%, 0 88%, 0 0, 100% 0, 100% 89%, 84% 93%, 67% 95%, 46% 96%, 30% 95%);||clip-path: [&hellip;]<\/p>\n","protected":false},"author":1,"featured_media":0,"parent":0,"menu_order":0,"comment_status":"closed","ping_status":"closed","template":"","meta":{"_et_pb_use_builder":"on","_et_pb_old_content":""},"_links":{"self":[{"href":"\/cmqnuevo2020\/wp-json\/wp\/v2\/pages\/207"}],"collection":[{"href":"\/cmqnuevo2020\/wp-json\/wp\/v2\/pages"}],"about":[{"href":"\/cmqnuevo2020\/wp-json\/wp\/v2\/types\/page"}],"author":[{"embeddable":true,"href":"\/cmqnuevo2020\/wp-json\/wp\/v2\/users\/1"}],"replies":[{"embeddable":true,"href":"\/cmqnuevo2020\/wp-json\/wp\/v2\/comments?post=207"}],"version-history":[{"count":3,"href":"\/cmqnuevo2020\/wp-json\/wp\/v2\/pages\/207\/revisions"}],"predecessor-version":[{"id":408,"href":"\/cmqnuevo2020\/wp-json\/wp\/v2\/pages\/207\/revisions\/408"}],"wp:attachment":[{"href":"\/cmqnuevo2020\/wp-json\/wp\/v2\/media?parent=207"}],"curies":[{"name":"wp","href":"https:\/\/api.w.org\/{rel}","templated":true}]}}