{"id":198,"date":"2019-11-27T22:16:44","date_gmt":"2019-11-27T22:16:44","guid":{"rendered":"\/cmqnuevo2020\/?page_id=198"},"modified":"2019-11-27T22:16:59","modified_gmt":"2019-11-27T22:16:59","slug":"eeo-contacto","status":"publish","type":"page","link":"\/cmqnuevo2020\/eeo-contacto\/","title":{"rendered":"EEO contacto"},"content":{"rendered":"<p>[et_pb_section fb_built=\u00bb1&#8243; _builder_version=\u00bb3.22&#8243; fb_built=\u00bb1&#8243; _i=\u00bb0&#8243; _address=\u00bb0&#8243;][et_pb_row _builder_version=\u00bb3.25&#8243; background_size=\u00bbinitial\u00bb background_position=\u00bbtop_left\u00bb background_repeat=\u00bbrepeat\u00bb _i=\u00bb0&#8243; _address=\u00bb0.0&#8243;][et_pb_column type=\u00bb4_4&#8243; _builder_version=\u00bb3.25&#8243; custom_padding=\u00bb|||\u00bb _i=\u00bb0&#8243; _address=\u00bb0.0.0&#8243; custom_padding__hover=\u00bb|||\u00bb][et_pb_text _builder_version=\u00bb3.27.4&#8243; _i=\u00bb0&#8243; _address=\u00bb0.0.0.0&#8243;]<\/p>\n<p style=\"text-align: center; color: #cccccc;\"><strong><a href=\"http:\/\/www.cmqcelaya.com\/preparatoria-cmq-informacion\/\"><\/a><a href=\"http:\/\/www.cmqcelaya.com\/oferta\/%20\">Oferta Educativa <\/a>   <span style=\"color: #01438f; font-size: 18px\">Contacto<\/span><\/a>    <a href=\"http:\/\/www.cmqcelaya.com\/eeo-ubicacion\/ \">C\u00f3mo llego<\/a><\/strong><\/p>\n<p>[\/et_pb_text][\/et_pb_column][\/et_pb_row][\/et_pb_section][et_pb_section fb_built=\u00bb1&#8243; admin_label=\u00bbsection\u00bb _builder_version=\u00bb3.22&#8243; background_color=\u00bbrgba(12,113,195,0.3)\u00bb background_image=\u00bb\/cmqnuevo2020\/wp-content\/uploads\/2019\/11\/student-849822_1920-1.jpg\u00bb custom_padding=\u00bb120px||230px|\u00bb custom_css_before=\u00bbbackground-color: rgba(12,113,195,0.3);\u00bb custom_css_main_element=\u00bb-webkit-clip-path: polygon(15% 92%, 0 88%, 0 0, 100% 0, 100% 89%, 84% 93%, 67% 95%, 46% 96%, 30% 95%);||clip-path: polygon(15% 92%, 0 88%, 0 0, 100% 0, 100% 89%, 84% 93%, 67% 95%, 46% 96%, 30% 95%);\u00bb transparent_background=\u00bboff\u00bb fb_built=\u00bb1&#8243; _i=\u00bb1&#8243; _address=\u00bb1&#8243;][et_pb_row admin_label=\u00bbrow\u00bb module_class=\u00bb et_pb_row_fullwidth\u00bb _builder_version=\u00bb3.25&#8243; background_size=\u00bbinitial\u00bb background_position=\u00bbtop_left\u00bb background_repeat=\u00bbrepeat\u00bb width=\u00bb89%\u00bb width_tablet=\u00bb80%\u00bb width_last_edited=\u00bbon|desktop\u00bb max_width=\u00bb89%\u00bb max_width_tablet=\u00bb80%\u00bb max_width_last_edited=\u00bbon|desktop\u00bb make_fullwidth=\u00bbon\u00bb _i=\u00bb0&#8243; _address=\u00bb1.0&#8243;][et_pb_column type=\u00bb4_4&#8243; _builder_version=\u00bb3.25&#8243; custom_padding=\u00bb|||\u00bb _i=\u00bb0&#8243; _address=\u00bb1.0.0&#8243; custom_padding__hover=\u00bb|||\u00bb][et_pb_text admin_label=\u00bbText\u00bb module_class=\u00bbTextInHeader\u00bb _builder_version=\u00bb3.27.4&#8243; text_font=\u00bbMontserrat|on|||\u00bb text_text_color=\u00bb#ffffff\u00bb text_font_size=\u00bb40&#8243; text_line_height=\u00bb1.2em\u00bb text_text_shadow_style=\u00bbpreset1&#8243; header_text_color=\u00bb#000000&#8243; header_font_size=\u00bb33px\u00bb header_line_height=\u00bb2.4em\u00bb background_size=\u00bbinitial\u00bb background_position=\u00bbtop_left\u00bb background_repeat=\u00bbrepeat\u00bb text_orientation=\u00bbcenter\u00bb module_alignment=\u00bbcenter\u00bb custom_margin=\u00bb10%||20px|\u00bb text_font_size_tablet=\u00bb50px\u00bb text_font_size_phone=\u00bb35px\u00bb text_font_size_last_edited=\u00bboff|phone\u00bb use_border_color=\u00bboff\u00bb border_color=\u00bb#ffffff\u00bb border_style=\u00bbsolid\u00bb inline_fonts=\u00bbAbel,Cardo,Merriweather,Noticia Text,Passion One\u00bb _i=\u00bb0&#8243; _address=\u00bb1.0.0.0&#8243;]<img loading=\"lazy\" class=\"wp-image-214492 aligncenter size-medium\" src=\"\/cmqnuevo2020\/wp-content\/uploads\/2019\/11\/Logo-EEO-300x260.jpg\" alt=\"\" width=\"300\" height=\"260\" \/><\/p>\n<p>Escuela de Enfermer\u00eda y Obstetricia del Centro M\u00e9dico Quir\u00fargico[\/et_pb_text][\/et_pb_column][\/et_pb_row][\/et_pb_section][et_pb_section fb_built=\u00bb1&#8243; _builder_version=\u00bb3.22&#8243; fb_built=\u00bb1&#8243; _i=\u00bb2&#8243; _address=\u00bb2&#8243;][et_pb_row _builder_version=\u00bb3.25&#8243; _i=\u00bb0&#8243; _address=\u00bb2.0&#8243;][et_pb_column type=\u00bb4_4&#8243; _builder_version=\u00bb3.25&#8243; custom_padding=\u00bb|||\u00bb _i=\u00bb0&#8243; _address=\u00bb2.0.0&#8243; custom_padding__hover=\u00bb|||\u00bb][et_pb_text _builder_version=\u00bb3.27.4&#8243; _i=\u00bb0&#8243; _address=\u00bb2.0.0.0&#8243;]<\/p>\n<h4>Si deseas mas informaci\u00f3n contesta el formulario descrito a continuaci\u00f3n, te contestaremos lo m\u00e1s pronto posible.<\/h4>\n<p>[\/et_pb_text][\/et_pb_column][\/et_pb_row][et_pb_row _builder_version=\u00bb3.25&#8243; _i=\u00bb1&#8243; _address=\u00bb2.1&#8243;][et_pb_column type=\u00bb4_4&#8243; _builder_version=\u00bb3.25&#8243; custom_padding=\u00bb|||\u00bb _i=\u00bb0&#8243; _address=\u00bb2.1.0&#8243; custom_padding__hover=\u00bb|||\u00bb][et_pb_text _builder_version=\u00bb3.27.4&#8243; _i=\u00bb0&#8243; _address=\u00bb2.1.0.0&#8243;][wpforms id=\u00bb28877&#8243;][\/et_pb_text][\/et_pb_column][\/et_pb_row][\/et_pb_section][et_pb_section fb_built=\u00bb1&#8243; admin_label=\u00bbSection\u00bb _builder_version=\u00bb3.22&#8243; background_color=\u00bbrgba(12,113,195,0.06)\u00bb background_image=\u00bb\/cmqnuevo2020\/wp-content\/uploads\/2019\/11\/books-690219_1920.jpg\u00bb custom_css_main_element=\u00bb-webkit-clip-path: polygon(55% 9%, 71% 8%, 86% 5%, 100% 0, 100% 100%, 0 100%, 0 0, 13% 4%, 25% 7%, 39% 9%);||clip-path: polygon(55% 9%, 71% 8%, 86% 5%, 100% 0, 100% 100%, 0 100%, 0 0, 13% 4%, 25% 7%, 39% 9%);\u00bb transparent_background=\u00bboff\u00bb fb_built=\u00bb1&#8243; _i=\u00bb3&#8243; _address=\u00bb3&#8243;][\/et_pb_section]<\/p>\n","protected":false},"excerpt":{"rendered":"<p>[et_pb_section fb_built=\u00bb1&#8243; _builder_version=\u00bb3.22&#8243; fb_built=\u00bb1&#8243; _i=\u00bb0&#8243; _address=\u00bb0&#8243;][et_pb_row _builder_version=\u00bb3.25&#8243; background_size=\u00bbinitial\u00bb background_position=\u00bbtop_left\u00bb background_repeat=\u00bbrepeat\u00bb _i=\u00bb0&#8243; _address=\u00bb0.0&#8243;][et_pb_column type=\u00bb4_4&#8243; _builder_version=\u00bb3.25&#8243; custom_padding=\u00bb|||\u00bb _i=\u00bb0&#8243; _address=\u00bb0.0.0&#8243; custom_padding__hover=\u00bb|||\u00bb][et_pb_text _builder_version=\u00bb3.27.4&#8243; _i=\u00bb0&#8243; _address=\u00bb0.0.0.0&#8243;] Oferta Educativa Contacto C\u00f3mo llego [\/et_pb_text][\/et_pb_column][\/et_pb_row][\/et_pb_section][et_pb_section fb_built=\u00bb1&#8243; admin_label=\u00bbsection\u00bb _builder_version=\u00bb3.22&#8243; background_color=\u00bbrgba(12,113,195,0.3)\u00bb background_image=\u00bb\/cmqnuevo2020\/wp-content\/uploads\/2019\/11\/student-849822_1920-1.jpg\u00bb custom_padding=\u00bb120px||230px|\u00bb custom_css_before=\u00bbbackground-color: rgba(12,113,195,0.3);\u00bb custom_css_main_element=\u00bb-webkit-clip-path: polygon(15% 92%, 0 88%, 0 0, 100% 0, 100% 89%, 84% 93%, 67% 95%, 46% 96%, 30% 95%);||clip-path: polygon(15% [&hellip;]<\/p>\n","protected":false},"author":1,"featured_media":0,"parent":0,"menu_order":0,"comment_status":"closed","ping_status":"closed","template":"","meta":{"_et_pb_use_builder":"on","_et_pb_old_content":""},"_links":{"self":[{"href":"\/cmqnuevo2020\/wp-json\/wp\/v2\/pages\/198"}],"collection":[{"href":"\/cmqnuevo2020\/wp-json\/wp\/v2\/pages"}],"about":[{"href":"\/cmqnuevo2020\/wp-json\/wp\/v2\/types\/page"}],"author":[{"embeddable":true,"href":"\/cmqnuevo2020\/wp-json\/wp\/v2\/users\/1"}],"replies":[{"embeddable":true,"href":"\/cmqnuevo2020\/wp-json\/wp\/v2\/comments?post=198"}],"version-history":[{"count":2,"href":"\/cmqnuevo2020\/wp-json\/wp\/v2\/pages\/198\/revisions"}],"predecessor-version":[{"id":204,"href":"\/cmqnuevo2020\/wp-json\/wp\/v2\/pages\/198\/revisions\/204"}],"wp:attachment":[{"href":"\/cmqnuevo2020\/wp-json\/wp\/v2\/media?parent=198"}],"curies":[{"name":"wp","href":"https:\/\/api.w.org\/{rel}","templated":true}]}}